{"id":1002,"date":"2017-01-11T20:50:55","date_gmt":"2017-01-11T20:50:55","guid":{"rendered":"https:\/\/hydrodynamic-systems.com\/en\/divisions\/meyland_agro\/"},"modified":"2025-05-26T09:51:35","modified_gmt":"2025-05-26T09:51:35","slug":"meyland_agro","status":"publish","type":"page","link":"https:\/\/hydrodynamic-systems.com\/en\/meyland_agro\/","title":{"rendered":"Meyland Agro"},"content":{"rendered":"<div class=\"wpb-content-wrapper\">[vc_row top=&#8221;0&#8243;][vc_column][vc_single_image image=&#8221;141&#8243; img_size=&#8221;full&#8221; alignment=&#8221;center&#8221;][vc_empty_space][vc_row_inner][vc_column_inner width=&#8221;2\/3&#8243;][vc_column_text css=&#8221;&#8221;]\n<h1>Adapted to the agro sector<\/h1>\n<p>Meyland Agro supplies products from silos to bulk operations tailored to the agro sector.<br \/>\nThe division is also a distributor of a number of companies, which are listed at the bottom of this page.[\/vc_column_text][\/vc_column_inner][vc_column_inner width=&#8221;1\/3&#8243;][vc_single_image image=&#8221;732&#8243; img_size=&#8221;medium&#8221;][\/vc_column_inner][\/vc_row_inner][\/vc_column][\/vc_row][vc_row][vc_column width=&#8221;1\/3&#8243;][vc_column_text]\n<p style=\"text-align: center;\"><a href=\"https:\/\/hydrodynamic-systems.com\/en\/divisions\/meyland_agro\/herpasa\/\"><img decoding=\"async\" class=\"wp-image-826 aligncenter lazyload\" data-src=\"https:\/\/hydrodynamic-systems.com\/wp-content\/uploads\/2017\/08\/Herpasa-logo-300x225.jpg\" alt=\"Herpasa\" width=\"200\" height=\"150\" src=\"data:image\/svg+xml;base64,PHN2ZyB3aWR0aD0iMSIgaGVpZ2h0PSIxIiB4bWxucz0iaHR0cDovL3d3dy53My5vcmcvMjAwMC9zdmciPjwvc3ZnPg==\" style=\"--smush-placeholder-width: 200px; --smush-placeholder-aspect-ratio: 200\/150;\" \/><\/a><\/p>\n<p style=\"text-align: center;\"><a href=\"https:\/\/hydrodynamic-systems.com\/en\/divisions\/meyland_agro\/herpasa\/\"><b>Herpasa<\/b><b>\u00a0offers you complete solutions for implementation in custom process factories<\/b><\/a><\/p>\n[\/vc_column_text][\/vc_column][vc_column width=&#8221;1\/3&#8243;][vc_column_text]\n<p style=\"text-align: center;\"><a href=\"https:\/\/hydrodynamic-systems.com\/en\/divisions\/meyland_agro\/obial\/\"><strong><img decoding=\"async\" class=\"aligncenter wp-image-1158 lazyload\" data-src=\"https:\/\/hydrodynamic-systems.com\/wp-content\/uploads\/2017\/01\/LOGO_obial.png\" alt=\"\" width=\"250\" height=\"150\" src=\"data:image\/svg+xml;base64,PHN2ZyB3aWR0aD0iMSIgaGVpZ2h0PSIxIiB4bWxucz0iaHR0cDovL3d3dy53My5vcmcvMjAwMC9zdmciPjwvc3ZnPg==\" style=\"--smush-placeholder-width: 250px; --smush-placeholder-aspect-ratio: 250\/150;\" \/><\/strong><\/a><\/p>\n<p style=\"text-align: center;\"><a href=\"https:\/\/hydrodynamic-systems.com\/en\/divisions\/meyland_agro\/obial\/\"><strong>Obial\u00a0is a leading manufacturer of metal silos for grain storage.<\/strong><\/a><\/p>\n[\/vc_column_text][\/vc_column][vc_column width=&#8221;1\/3&#8243;][vc_column_text]\n<p class=\"page-title\"><a href=\"https:\/\/hydrodynamic-systems.com\/en\/divisions\/meyland_agro\/ozbasak-degirmen\/\"><img decoding=\"async\" class=\"wp-image-940 aligncenter lazyload\" data-src=\"https:\/\/hydrodynamic-systems.com\/wp-content\/uploads\/2017\/08\/ozbasak-Degirmen-logo.png\" alt=\"\u00d6zba\u015fak De\u011firmen - logo\" width=\"213\" height=\"150\" src=\"data:image\/svg+xml;base64,PHN2ZyB3aWR0aD0iMSIgaGVpZ2h0PSIxIiB4bWxucz0iaHR0cDovL3d3dy53My5vcmcvMjAwMC9zdmciPjwvc3ZnPg==\" style=\"--smush-placeholder-width: 213px; --smush-placeholder-aspect-ratio: 213\/150;\" \/><\/a><\/p>\n<p class=\"page-title\" style=\"text-align: center;\"><a href=\"https:\/\/hydrodynamic-systems.com\/en\/divisions\/meyland_agro\/ozbasak-degirmen\/\"><strong>\u00d6zba\u015fak De\u011firmen is a specialist in machinery for the grain and animal feed industry.<\/strong><\/a><\/p>\n[\/vc_column_text][\/vc_column][\/vc_row]\n<\/div>","protected":false},"excerpt":{"rendered":"<p>[vc_row top=&#8221;0&#8243;][vc_column][vc_single_image image=&#8221;141&#8243; img_size=&#8221;full&#8221; alignment=&#8221;center&#8221;][vc_empty_space][vc_row_inner][vc_column_inner width=&#8221;2\/3&#8243;][vc_column_text css=&#8221;&#8221;] Adapted to the agro sector Meyland Agro supplies products from silos to bulk operations tailored to the agro sector. The division is also a distributor of a number of companies, which are listed at the bottom of this page.[\/vc_column_text][\/vc_column_inner][vc_column_inner width=&#8221;1\/3&#8243;][vc_single_image image=&#8221;732&#8243; img_size=&#8221;medium&#8221;][\/vc_column_inner][\/vc_row_inner][\/vc_column][\/vc_row][vc_row][vc_column width=&#8221;1\/3&#8243;][vc_column_text] Herpasa\u00a0offers you complete solutions for [&hellip;]<\/p>\n","protected":false},"author":3,"featured_media":0,"parent":0,"menu_order":0,"comment_status":"closed","ping_status":"closed","template":"","meta":{"inline_featured_image":false,"footnotes":""},"class_list":["post-1002","page","type-page","status-publish","hentry"],"yoast_head":"<!-- This site is optimized with the Yoast SEO plugin v27.5 - https:\/\/yoast.com\/product\/yoast-seo-wordpress\/ -->\n<title>Agro supplies products | Meyland<\/title>\n<meta name=\"description\" content=\"Meyland Agro supplies products from silos to bulk operations tailored to the agro sector. The division is also a distributor of a number of companies.\" \/>\n<meta name=\"robots\" content=\"index, follow, max-snippet:-1, max-image-preview:large, max-video-preview:-1\" \/>\n<link rel=\"canonical\" href=\"https:\/\/hydrodynamic-systems.com\/en\/meyland_agro\/\" \/>\n<meta property=\"og:locale\" content=\"en_US\" \/>\n<meta property=\"og:type\" content=\"article\" \/>\n<meta property=\"og:title\" content=\"Agro supplies products | Meyland\" \/>\n<meta property=\"og:description\" content=\"Meyland Agro supplies products from silos to bulk operations tailored to the agro sector. The division is also a distributor of a number of companies.\" \/>\n<meta property=\"og:url\" content=\"https:\/\/hydrodynamic-systems.com\/en\/meyland_agro\/\" \/>\n<meta property=\"og:site_name\" content=\"Meyland N.V.\" \/>\n<meta property=\"article:publisher\" content=\"https:\/\/www.facebook.com\/MeylandNV\/\" \/>\n<meta property=\"article:modified_time\" content=\"2025-05-26T09:51:35+00:00\" \/>\n<meta property=\"og:image\" content=\"https:\/\/hydrodynamic-systems.com\/wp-content\/uploads\/2017\/08\/Herpasa-logo-300x225.jpg\" \/>\n<meta name=\"twitter:card\" content=\"summary_large_image\" \/>\n<meta name=\"twitter:label1\" content=\"Est. reading time\" \/>\n\t<meta name=\"twitter:data1\" content=\"2 minutes\" \/>\n<script type=\"application\/ld+json\" class=\"yoast-schema-graph\">{\"@context\":\"https:\\\/\\\/schema.org\",\"@graph\":[{\"@type\":\"WebPage\",\"@id\":\"https:\\\/\\\/hydrodynamic-systems.com\\\/en\\\/meyland_agro\\\/\",\"url\":\"https:\\\/\\\/hydrodynamic-systems.com\\\/en\\\/meyland_agro\\\/\",\"name\":\"Agro supplies products | Meyland\",\"isPartOf\":{\"@id\":\"https:\\\/\\\/hydrodynamic-systems.com\\\/#website\"},\"primaryImageOfPage\":{\"@id\":\"https:\\\/\\\/hydrodynamic-systems.com\\\/en\\\/meyland_agro\\\/#primaryimage\"},\"image\":{\"@id\":\"https:\\\/\\\/hydrodynamic-systems.com\\\/en\\\/meyland_agro\\\/#primaryimage\"},\"thumbnailUrl\":\"https:\\\/\\\/hydrodynamic-systems.com\\\/wp-content\\\/uploads\\\/2017\\\/08\\\/Herpasa-logo-300x225.jpg\",\"datePublished\":\"2017-01-11T20:50:55+00:00\",\"dateModified\":\"2025-05-26T09:51:35+00:00\",\"description\":\"Meyland Agro supplies products from silos to bulk operations tailored to the agro sector. The division is also a distributor of a number of companies.\",\"breadcrumb\":{\"@id\":\"https:\\\/\\\/hydrodynamic-systems.com\\\/en\\\/meyland_agro\\\/#breadcrumb\"},\"inLanguage\":\"en-US\",\"potentialAction\":[{\"@type\":\"ReadAction\",\"target\":[\"https:\\\/\\\/hydrodynamic-systems.com\\\/en\\\/meyland_agro\\\/\"]}]},{\"@type\":\"ImageObject\",\"inLanguage\":\"en-US\",\"@id\":\"https:\\\/\\\/hydrodynamic-systems.com\\\/en\\\/meyland_agro\\\/#primaryimage\",\"url\":\"https:\\\/\\\/hydrodynamic-systems.com\\\/wp-content\\\/uploads\\\/2017\\\/08\\\/Herpasa-logo-300x225.jpg\",\"contentUrl\":\"https:\\\/\\\/hydrodynamic-systems.com\\\/wp-content\\\/uploads\\\/2017\\\/08\\\/Herpasa-logo-300x225.jpg\"},{\"@type\":\"BreadcrumbList\",\"@id\":\"https:\\\/\\\/hydrodynamic-systems.com\\\/en\\\/meyland_agro\\\/#breadcrumb\",\"itemListElement\":[{\"@type\":\"ListItem\",\"position\":1,\"name\":\"Home\",\"item\":\"https:\\\/\\\/hydrodynamic-systems.com\\\/en\\\/\"},{\"@type\":\"ListItem\",\"position\":2,\"name\":\"Meyland Agro\"}]},{\"@type\":\"WebSite\",\"@id\":\"https:\\\/\\\/hydrodynamic-systems.com\\\/#website\",\"url\":\"https:\\\/\\\/hydrodynamic-systems.com\\\/\",\"name\":\"Meyland N.V.\",\"description\":\"We make the goods move\",\"publisher\":{\"@id\":\"https:\\\/\\\/hydrodynamic-systems.com\\\/#organization\"},\"potentialAction\":[{\"@type\":\"SearchAction\",\"target\":{\"@type\":\"EntryPoint\",\"urlTemplate\":\"https:\\\/\\\/hydrodynamic-systems.com\\\/?s={search_term_string}\"},\"query-input\":{\"@type\":\"PropertyValueSpecification\",\"valueRequired\":true,\"valueName\":\"search_term_string\"}}],\"inLanguage\":\"en-US\"},{\"@type\":\"Organization\",\"@id\":\"https:\\\/\\\/hydrodynamic-systems.com\\\/#organization\",\"name\":\"Meyland\",\"url\":\"https:\\\/\\\/hydrodynamic-systems.com\\\/\",\"logo\":{\"@type\":\"ImageObject\",\"inLanguage\":\"en-US\",\"@id\":\"https:\\\/\\\/hydrodynamic-systems.com\\\/#\\\/schema\\\/logo\\\/image\\\/\",\"url\":\"https:\\\/\\\/hydrodynamic-systems.com\\\/wp-content\\\/uploads\\\/2015\\\/03\\\/meyland_logo_metbaseline.jpg\",\"contentUrl\":\"https:\\\/\\\/hydrodynamic-systems.com\\\/wp-content\\\/uploads\\\/2015\\\/03\\\/meyland_logo_metbaseline.jpg\",\"width\":299,\"height\":84,\"caption\":\"Meyland\"},\"image\":{\"@id\":\"https:\\\/\\\/hydrodynamic-systems.com\\\/#\\\/schema\\\/logo\\\/image\\\/\"},\"sameAs\":[\"https:\\\/\\\/www.facebook.com\\\/MeylandNV\\\/\",\"https:\\\/\\\/www.linkedin.com\\\/company\\\/meyland-nv\",\"https:\\\/\\\/www.youtube.com\\\/channel\\\/UC3MZGN8LuupbJ-cVnm2E_EQ\"]}]}<\/script>\n<!-- \/ Yoast SEO plugin. -->","yoast_head_json":{"title":"Agro supplies products | Meyland","description":"Meyland Agro supplies products from silos to bulk operations tailored to the agro sector. The division is also a distributor of a number of companies.","robots":{"index":"index","follow":"follow","max-snippet":"max-snippet:-1","max-image-preview":"max-image-preview:large","max-video-preview":"max-video-preview:-1"},"canonical":"https:\/\/hydrodynamic-systems.com\/en\/meyland_agro\/","og_locale":"en_US","og_type":"article","og_title":"Agro supplies products | Meyland","og_description":"Meyland Agro supplies products from silos to bulk operations tailored to the agro sector. The division is also a distributor of a number of companies.","og_url":"https:\/\/hydrodynamic-systems.com\/en\/meyland_agro\/","og_site_name":"Meyland N.V.","article_publisher":"https:\/\/www.facebook.com\/MeylandNV\/","article_modified_time":"2025-05-26T09:51:35+00:00","og_image":[{"url":"https:\/\/hydrodynamic-systems.com\/wp-content\/uploads\/2017\/08\/Herpasa-logo-300x225.jpg","type":"","width":"","height":""}],"twitter_card":"summary_large_image","twitter_misc":{"Est. reading time":"2 minutes"},"schema":{"@context":"https:\/\/schema.org","@graph":[{"@type":"WebPage","@id":"https:\/\/hydrodynamic-systems.com\/en\/meyland_agro\/","url":"https:\/\/hydrodynamic-systems.com\/en\/meyland_agro\/","name":"Agro supplies products | Meyland","isPartOf":{"@id":"https:\/\/hydrodynamic-systems.com\/#website"},"primaryImageOfPage":{"@id":"https:\/\/hydrodynamic-systems.com\/en\/meyland_agro\/#primaryimage"},"image":{"@id":"https:\/\/hydrodynamic-systems.com\/en\/meyland_agro\/#primaryimage"},"thumbnailUrl":"https:\/\/hydrodynamic-systems.com\/wp-content\/uploads\/2017\/08\/Herpasa-logo-300x225.jpg","datePublished":"2017-01-11T20:50:55+00:00","dateModified":"2025-05-26T09:51:35+00:00","description":"Meyland Agro supplies products from silos to bulk operations tailored to the agro sector. The division is also a distributor of a number of companies.","breadcrumb":{"@id":"https:\/\/hydrodynamic-systems.com\/en\/meyland_agro\/#breadcrumb"},"inLanguage":"en-US","potentialAction":[{"@type":"ReadAction","target":["https:\/\/hydrodynamic-systems.com\/en\/meyland_agro\/"]}]},{"@type":"ImageObject","inLanguage":"en-US","@id":"https:\/\/hydrodynamic-systems.com\/en\/meyland_agro\/#primaryimage","url":"https:\/\/hydrodynamic-systems.com\/wp-content\/uploads\/2017\/08\/Herpasa-logo-300x225.jpg","contentUrl":"https:\/\/hydrodynamic-systems.com\/wp-content\/uploads\/2017\/08\/Herpasa-logo-300x225.jpg"},{"@type":"BreadcrumbList","@id":"https:\/\/hydrodynamic-systems.com\/en\/meyland_agro\/#breadcrumb","itemListElement":[{"@type":"ListItem","position":1,"name":"Home","item":"https:\/\/hydrodynamic-systems.com\/en\/"},{"@type":"ListItem","position":2,"name":"Meyland Agro"}]},{"@type":"WebSite","@id":"https:\/\/hydrodynamic-systems.com\/#website","url":"https:\/\/hydrodynamic-systems.com\/","name":"Meyland N.V.","description":"We make the goods move","publisher":{"@id":"https:\/\/hydrodynamic-systems.com\/#organization"},"potentialAction":[{"@type":"SearchAction","target":{"@type":"EntryPoint","urlTemplate":"https:\/\/hydrodynamic-systems.com\/?s={search_term_string}"},"query-input":{"@type":"PropertyValueSpecification","valueRequired":true,"valueName":"search_term_string"}}],"inLanguage":"en-US"},{"@type":"Organization","@id":"https:\/\/hydrodynamic-systems.com\/#organization","name":"Meyland","url":"https:\/\/hydrodynamic-systems.com\/","logo":{"@type":"ImageObject","inLanguage":"en-US","@id":"https:\/\/hydrodynamic-systems.com\/#\/schema\/logo\/image\/","url":"https:\/\/hydrodynamic-systems.com\/wp-content\/uploads\/2015\/03\/meyland_logo_metbaseline.jpg","contentUrl":"https:\/\/hydrodynamic-systems.com\/wp-content\/uploads\/2015\/03\/meyland_logo_metbaseline.jpg","width":299,"height":84,"caption":"Meyland"},"image":{"@id":"https:\/\/hydrodynamic-systems.com\/#\/schema\/logo\/image\/"},"sameAs":["https:\/\/www.facebook.com\/MeylandNV\/","https:\/\/www.linkedin.com\/company\/meyland-nv","https:\/\/www.youtube.com\/channel\/UC3MZGN8LuupbJ-cVnm2E_EQ"]}]}},"_links":{"self":[{"href":"https:\/\/hydrodynamic-systems.com\/en\/wp-json\/wp\/v2\/pages\/1002","targetHints":{"allow":["GET"]}}],"collection":[{"href":"https:\/\/hydrodynamic-systems.com\/en\/wp-json\/wp\/v2\/pages"}],"about":[{"href":"https:\/\/hydrodynamic-systems.com\/en\/wp-json\/wp\/v2\/types\/page"}],"author":[{"embeddable":true,"href":"https:\/\/hydrodynamic-systems.com\/en\/wp-json\/wp\/v2\/users\/3"}],"replies":[{"embeddable":true,"href":"https:\/\/hydrodynamic-systems.com\/en\/wp-json\/wp\/v2\/comments?post=1002"}],"version-history":[{"count":6,"href":"https:\/\/hydrodynamic-systems.com\/en\/wp-json\/wp\/v2\/pages\/1002\/revisions"}],"predecessor-version":[{"id":26097,"href":"https:\/\/hydrodynamic-systems.com\/en\/wp-json\/wp\/v2\/pages\/1002\/revisions\/26097"}],"wp:attachment":[{"href":"https:\/\/hydrodynamic-systems.com\/en\/wp-json\/wp\/v2\/media?parent=1002"}],"curies":[{"name":"wp","href":"https:\/\/api.w.org\/{rel}","templated":true}]}}