{"id":444,"date":"2015-03-09T16:44:25","date_gmt":"2015-03-09T16:44:25","guid":{"rendered":"https:\/\/hydrodynamic-systems.com\/fr\/het-bedrijf\/"},"modified":"2022-06-28T06:47:27","modified_gmt":"2022-06-28T06:47:27","slug":"entreprise","status":"publish","type":"page","link":"https:\/\/hydrodynamic-systems.com\/fr\/about\/entreprise\/","title":{"rendered":"L&rsquo;entreprise"},"content":{"rendered":"<div class=\"wpb-content-wrapper\">[vc_row top=\u00a0\u00bb10px\u00a0\u00bb bottom=\u00a0\u00bb10px\u00a0\u00bb][vc_column][vc_single_image image=\u00a0\u00bb304&Prime; img_size=\u00a0\u00bbfull\u00a0\u00bb][\/vc_column][\/vc_row][vc_row top=\u00a0\u00bb10px\u00a0\u00bb bottom=\u00a0\u00bb10px\u00a0\u00bb][vc_column width=\u00a0\u00bb2\/3&Prime; offset=\u00a0\u00bbvc_col-lg-offset-2 vc_col-lg-8 vc_col-md-offset-2 vc_col-md-8 vc_col-sm-offset-2 vc_col-xs-12&Prime;][vc_heading title=\u00a0\u00bbNos valeurs, tout \u00e0 votre profit\u00a0\u00bb color=\u00a0\u00bb#00abcd\u00a0\u00bb][vc_column_text]\n<p style=\"text-align: center;\">Meyland garde vos marchandises \u00e0 l\u2019int\u00e9rieur de votre entreprise et se charge de leur transport. Sans la moindre perturbation, ni le moindre accroc. En d\u2019autres termes\u00a0: nous vous proposons des installations de qualit\u00e9 sup\u00e9rieure pour <strong><b>traiter et transporter des marchandises \u00e0 la pi\u00e8ce et en vrac<\/b><\/strong>. Au moyen de projets complets, s\u2019appuyant sur 3 piliers\u00a0: cr\u00e9er, construire et entretenir. Le tout \u00e0 la mesure de votre produit.<\/p>\n<p style=\"text-align: center;\">Afin de travailler aussi efficacement que possible \u2013 tout en surclassant les <strong><b>normes de qualit\u00e9 les plus strictes <\/b><\/strong>\u2013 nous continuons \u00e9galement \u00e0 bouger. Nos experts appliquent les <strong><b>derni\u00e8res technologies <\/b><\/strong>qui s\u2019accordent le mieux \u00e0 vos produits et vos projets. En gardant toujours \u00e0 l\u2019esprit\u00a0: la s\u00e9curit\u00e9 de vos collaborateurs, le respect de votre budget et de l\u2019environnement. Tout ce qu\u2019il vous faut pour r\u00e9aliser vos objectifs. <strong><b>Sans accroc et en toute fluidit\u00e9.<\/b><\/strong><\/p>\n[\/vc_column_text][\/vc_column][\/vc_row][vc_row top=\u00a0\u00bb25px\u00a0\u00bb bottom=\u00a0\u00bb10px\u00a0\u00bb][vc_column width=\u00a0\u00bb2\/3&Prime; offset=\u00a0\u00bbvc_col-lg-offset-2 vc_col-lg-8 vc_col-md-offset-2 vc_col-md-8 vc_col-sm-offset-2 vc_col-xs-12&Prime;][vc_column_text css=\u00a0\u00bb.vc_custom_1460108657703{margin-bottom: 20px !important;}\u00a0\u00bb]\n<h2 style=\"text-align: center; text-transform: uppercase; line-height: 1.4; margin-bottom: 0px; font-weight: bold;\">MAKE THE GOOD<span style=\"color: #414856;\">S<\/span> MOVE.<\/h2>\n<h2 style=\"text-align: center; text-transform: uppercase; line-height: 1.4; margin-bottom: 0px; font-weight: bold;\">TOUS CES AVANTAGES, RIEN QUE POUR VOUS.<\/h2>\n[\/vc_column_text][vc_accordion collapsible=\u00a0\u00bbyes\u00a0\u00bb disable_keyboard=\u00a0\u00bbyes\u00a0\u00bb][vc_accordion_tab title=\u00a0\u00bbUne entreprise \u00e0 la fois familiale et ambitieuse\u00a0\u00bb][vc_column_text]\n<p><strong><b>Avec Meyland, vous b\u00e9n\u00e9ficiez d\u2019un seul mouvement de tous les avantages d\u2019une entreprise familiale.<\/b><\/strong> Un engagement illimit\u00e9 pour votre entreprise. Un contact intense et personnel entre tous les collaborateurs, mais \u00e9galement envers vous. Sans oublier une flexibilit\u00e9 dans tous les stades. Des atouts qui se doublent d\u2019une ambition \u00e0 satisfaire encore plus de clients internationaux. Une vision ouverte qui marque \u00e9galement notre approche de vos projets.<\/p>\n[\/vc_column_text][\/vc_accordion_tab][vc_accordion_tab title=\u00a0\u00bbLa m\u00eame dynamique\u00a0\u00bb][vc_column_text]\n<p>En tant que chef d\u2019entreprise, vous avez une \u00e9nergie in\u00e9puisable, que vous utilisez pour augmenter votre chiffre d\u2019affaires. Pour maintenir ou optimiser la qualit\u00e9 de vos produits et services. Ou encore pour renforcer les relations avec vos collaborateurs et vos clients. Avec un tel esprit, vous appr\u00e9cierez sans aucun doute que nous <strong><b>partageons<\/b> cette m\u00eame mentalit\u00e9<\/strong>. Partageant ce m\u00eame \u00e9tat d\u2019esprit, nous envoyons vos marchandises \u00e0 la pi\u00e8ce ou en vrac dans la direction o\u00f9 vous le voulez.<\/p>\n[\/vc_column_text][\/vc_accordion_tab][vc_accordion_tab title=\u00a0\u00bbExpertise et approche m\u00e9thodique\u00a0\u00bb][vc_column_text]\n<p>Meyland respire le <strong><b>professionnalisme, dans chaque stade de votre projet<\/b><\/strong>. Que ce soit la conception, la construction ou l\u2019entretien de votre syst\u00e8me de conservation ou de transport, nous connaissons notre m\u00e9tier. Et nous pouvons le dire, car notre vaste exp\u00e9rience remonte \u00e0 1968. Et notre savoir-faire \u00e9volue encore chaque jour. Ces faits irr\u00e9futables constituent le fondement d\u2019une approche en stades menant \u00e0 la solution la plus appropri\u00e9e. Tout en restant en constante concertation avec vous.<\/p>\n[\/vc_column_text][\/vc_accordion_tab][vc_accordion_tab title=\u00a0\u00bbRespect de l\u2019homme et de l\u2019environnement\u00a0\u00bb][vc_column_text]\n<p>Chez Meyland, nous ne travaillons pas uniquement pour votre profit ou le n\u00f4tre. <strong><b>Nous nous engageons \u00e9galement de mani\u00e8re tr\u00e8s concr\u00e8te pour les autres<\/b><\/strong>. C\u2019est-\u00e0-dire pour nos propres collaborateurs, auxquels nous donnons toutes les chances de se d\u00e9velopper. Mais cet engagement pour autrui concerne \u00e9galement\u00a0: la soci\u00e9t\u00e9 et l\u2019environnement. La durabilit\u00e9 est une \u00e9vidence pour nous\u00a0: dans la mani\u00e8re dont nous produisons, les mat\u00e9riaux que nous utilisons, les produits que nous installons chez vous. Ce n\u2019est qu\u2019en faisant preuve d\u2019un tel sens des responsabilit\u00e9s que nous parvenons \u00e0 garder nos bonnes relations \u2013 avec nos clients, notre personnel et la soci\u00e9t\u00e9.<\/p>\n[\/vc_column_text][\/vc_accordion_tab][vc_accordion_tab title=\u00a0\u00bbInnovation cr\u00e9ative, tout \u00e0 votre avantage\u00a0\u00bb][vc_column_text]\n<p>Ajoutez une formation permanente au talent, et vous obtenez l\u2019innovation. Du moins, c\u2019est le cas chez Meyland. Tous nos collaborateurs sont passionn\u00e9s par <strong><b>les technologies les plus r\u00e9centes<\/b><\/strong>, qu\u2019ils impl\u00e9mentent avec une <strong><b>cr\u00e9ativit\u00e9 in\u00e9gal\u00e9e<\/b><\/strong>. Ce qui nous permet de vous fournir des syst\u00e8mes encore plus performants. Encore plus s\u00fbrs pour vos collaborateurs. Et encore mieux adapt\u00e9s \u00e0 l\u2019avenir.<\/p>\n[\/vc_column_text][\/vc_accordion_tab][vc_accordion_tab title=\u00a0\u00bbCertificats\u00a0\u00bb][vc_column_text]Meyland a \u00e9t\u00e9 contr\u00f4l\u00e9 et certifi\u00e9 par des instances ind\u00e9pendantes pour la qualit\u00e9 du produit et du processus de production, pour la politique de pr\u00e9vention en mati\u00e8re de s\u00e9curit\u00e9 et de sant\u00e9 au travail et pour sa politique environnementale active.<\/p>\n<p><span style=\"color: #333333;\"><b><a style=\"color: #333333;\" href=\"https:\/\/hydrodynamic-systems.com\/wp-content\/uploads\/2015\/03\/VCA.pdf\" target=\"_blank\" rel=\"noopener noreferrer\">VCA P\u00e9trochimie<\/a><\/b><\/span><\/p>\n<p>En tant que titulaire du certificat VCA P\u00e9trochimie (Veiligheid, gezondheid en milieu Checklist Aannemers, une <em>check-list pour contractants en mati\u00e8re de s\u00e9curit\u00e9, de sant\u00e9 et d\u2019environnement<\/em>), Meyland prouve \u00e0 ses clients et ses collaborateurs qu\u2019il respecte les mesures de pr\u00e9vention n\u00e9cessaires pendant l\u2019ex\u00e9cution des travaux, de sorte \u00e0 r\u00e9duire au minimum les risques pour les collaborateurs sur place. Avec le <a href=\"https:\/\/hydrodynamic-systems.com\/wp-content\/uploads\/2022\/06\/VCA-Petrochemie.pdf\" target=\"_blank\" rel=\"noopener noreferrer\">certificat VCA P\u00e9trochimie<\/a>, Meyland r\u00e9pond aux exigences les plus rigoureuses.<\/p>\n<p><span style=\"color: #333333;\"><b><a style=\"color: #333333;\" href=\"https:\/\/hydrodynamic-systems.com\/wp-content\/uploads\/2015\/03\/ISO.pdf\" target=\"_blank\" rel=\"noopener noreferrer\">ISO9001<\/a><\/b><\/span><\/p>\n<p>Dites ce que vous faites, faites ce que vous dites et prouvez-le \u2026 Voil\u00e0 en quelques mots ce que repr\u00e9sente le <a href=\"https:\/\/hydrodynamic-systems.com\/wp-content\/uploads\/2022\/06\/ISO-9001.pdf\" target=\"_blank\" rel=\"noopener noreferrer\">certificat ISO9001<\/a>. Meyland se conforme ainsi \u00e0 la norme internationale en mati\u00e8re de gestion de la qualit\u00e9\u00a0: nous r\u00e9pondons aux exigences de nos clients, aux l\u00e9gislations et r\u00e9glementations en vigueur pour nos produits et aux exigences que nous nous imposons \u00e0 nous-m\u00eames.<\/p>\n<p><span style=\"color: #333333;\"><b><a style=\"color: #333333;\" href=\"https:\/\/hydrodynamic-systems.com\/wp-content\/uploads\/2015\/03\/EN1090.pdf\" target=\"_blank\" rel=\"noopener noreferrer\">EN1090<\/a><\/b><\/span><\/p>\n<p>Le 1<sup>er<\/sup> juillet 2014, un marquage CE est devenu obligatoire pour les entreprises produisant des pi\u00e8ces de construction en aluminium, acier ou inox destin\u00e9es au march\u00e9 europ\u00e9en. Le <a href=\"https:\/\/hydrodynamic-systems.com\/wp-content\/uploads\/2015\/03\/EN1090.pdf\" target=\"_blank\" rel=\"noopener noreferrer\">certificat de conformit\u00e9 EN1090<\/a> \u00e9value l\u2019environnement de production au sein de notre entreprise et affirme que le processus de production r\u00e9pond \u00e0 toutes les normes europ\u00e9ennes.<\/p>\n<p><span style=\"color: #333333;\"><b><a style=\"color: #333333;\" href=\"https:\/\/hydrodynamic-systems.com\/wp-content\/uploads\/2015\/03\/Milieucharter.pdf\" target=\"_blank\" rel=\"noopener noreferrer\">Charte environnementale Flandre orientale<\/a><\/b><\/span><\/p>\n<p>Meyland est fier d\u2019avoir obtenu la <a href=\"https:\/\/hydrodynamic-systems.com\/wp-content\/uploads\/2015\/03\/Milieucharter.pdf\" target=\"_blank\" rel=\"noopener noreferrer\">Charte environnementale de la Flandre orientale<\/a> qui r\u00e9compense les entreprises respectueuses de l\u2019environnement. En effet, Meyland s\u2019engage en permanence \u00e0 r\u00e9aliser au sein de l\u2019entreprise, des actions concr\u00e8tes qui profitent \u00e0 l\u2019environnement. Ces performances environnementales sont \u00e9valu\u00e9es chaque ann\u00e9e par des experts ind\u00e9pendants.[\/vc_column_text][\/vc_accordion_tab][\/vc_accordion][\/vc_column][\/vc_row]\n<\/div>","protected":false},"excerpt":{"rendered":"<p>[vc_row top=\u00a0\u00bb10px\u00a0\u00bb bottom=\u00a0\u00bb10px\u00a0\u00bb][vc_column][vc_single_image image=\u00a0\u00bb304&Prime; img_size=\u00a0\u00bbfull\u00a0\u00bb][\/vc_column][\/vc_row][vc_row top=\u00a0\u00bb10px\u00a0\u00bb bottom=\u00a0\u00bb10px\u00a0\u00bb][vc_column width=\u00a0\u00bb2\/3&Prime; offset=\u00a0\u00bbvc_col-lg-offset-2 vc_col-lg-8 vc_col-md-offset-2 vc_col-md-8 vc_col-sm-offset-2 vc_col-xs-12&Prime;][vc_heading title=\u00a0\u00bbNos valeurs, tout \u00e0 votre profit\u00a0\u00bb color=\u00a0\u00bb#00abcd\u00a0\u00bb][vc_column_text] Meyland garde vos marchandises \u00e0 l\u2019int\u00e9rieur de votre entreprise et se charge de leur transport. Sans la moindre perturbation, ni le moindre accroc. En d\u2019autres termes\u00a0: nous vous proposons des installations de qualit\u00e9 sup\u00e9rieure [&hellip;]<\/p>\n","protected":false},"author":1,"featured_media":0,"parent":470,"menu_order":0,"comment_status":"closed","ping_status":"closed","template":"","meta":{"inline_featured_image":false,"footnotes":""},"class_list":["post-444","page","type-page","status-publish","hentry"],"yoast_head":"<!-- This site is optimized with the Yoast SEO plugin v27.5 - https:\/\/yoast.com\/product\/yoast-seo-wordpress\/ -->\n<title>Meyland bewaart goederen in uw bedrijf en doet ze bewegen.<\/title>\n<meta name=\"description\" content=\"Meyland garde vos marchandises \u00e0 l\u2019int\u00e9rieur de votre entreprise et se charge de leur transport.\" \/>\n<meta name=\"robots\" content=\"index, follow, max-snippet:-1, max-image-preview:large, max-video-preview:-1\" \/>\n<link rel=\"canonical\" href=\"https:\/\/hydrodynamic-systems.com\/over-ons\/het-bedrijf\/\" \/>\n<meta property=\"og:locale\" content=\"fr_FR\" \/>\n<meta property=\"og:type\" content=\"article\" \/>\n<meta property=\"og:title\" content=\"Meyland bewaart goederen in uw bedrijf en doet ze bewegen.\" \/>\n<meta property=\"og:description\" content=\"Meyland garde vos marchandises \u00e0 l\u2019int\u00e9rieur de votre entreprise et se charge de leur transport.\" \/>\n<meta property=\"og:url\" content=\"https:\/\/hydrodynamic-systems.com\/over-ons\/het-bedrijf\/\" \/>\n<meta property=\"og:site_name\" content=\"Meyland N.V.\" \/>\n<meta property=\"article:publisher\" content=\"https:\/\/www.facebook.com\/MeylandNV\/\" \/>\n<meta property=\"article:modified_time\" content=\"2022-06-28T06:47:27+00:00\" \/>\n<meta property=\"og:image\" content=\"https:\/\/hydrodynamic-systems.com\/wp-content\/uploads\/2015\/03\/Ontwerp-zonder-titel-2.jpg\" \/>\n\t<meta property=\"og:image:width\" content=\"1200\" \/>\n\t<meta property=\"og:image:height\" content=\"628\" \/>\n\t<meta property=\"og:image:type\" content=\"image\/jpeg\" \/>\n<meta name=\"twitter:card\" content=\"summary_large_image\" \/>\n<meta name=\"twitter:label1\" content=\"Dur\u00e9e de lecture estim\u00e9e\" \/>\n\t<meta name=\"twitter:data1\" content=\"6 minutes\" \/>\n<script type=\"application\/ld+json\" class=\"yoast-schema-graph\">{\"@context\":\"https:\\\/\\\/schema.org\",\"@graph\":[{\"@type\":\"WebPage\",\"@id\":\"https:\\\/\\\/hydrodynamic-systems.com\\\/over-ons\\\/het-bedrijf\\\/\",\"url\":\"https:\\\/\\\/hydrodynamic-systems.com\\\/over-ons\\\/het-bedrijf\\\/\",\"name\":\"Meyland bewaart goederen in uw bedrijf en doet ze bewegen.\",\"isPartOf\":{\"@id\":\"https:\\\/\\\/hydrodynamic-systems.com\\\/#website\"},\"datePublished\":\"2015-03-09T16:44:25+00:00\",\"dateModified\":\"2022-06-28T06:47:27+00:00\",\"description\":\"Meyland garde vos marchandises \u00e0 l\u2019int\u00e9rieur de votre entreprise et se charge de leur transport.\",\"breadcrumb\":{\"@id\":\"https:\\\/\\\/hydrodynamic-systems.com\\\/over-ons\\\/het-bedrijf\\\/#breadcrumb\"},\"inLanguage\":\"fr-FR\",\"potentialAction\":[{\"@type\":\"ReadAction\",\"target\":[\"https:\\\/\\\/hydrodynamic-systems.com\\\/over-ons\\\/het-bedrijf\\\/\"]}]},{\"@type\":\"BreadcrumbList\",\"@id\":\"https:\\\/\\\/hydrodynamic-systems.com\\\/over-ons\\\/het-bedrijf\\\/#breadcrumb\",\"itemListElement\":[{\"@type\":\"ListItem\",\"position\":1,\"name\":\"Home\",\"item\":\"https:\\\/\\\/hydrodynamic-systems.com\\\/fr\\\/\"},{\"@type\":\"ListItem\",\"position\":2,\"name\":\"\u00c0 propos de nous\",\"item\":\"https:\\\/\\\/hydrodynamic-systems.com\\\/over-ons\\\/\"},{\"@type\":\"ListItem\",\"position\":3,\"name\":\"L&#8217;entreprise\"}]},{\"@type\":\"WebSite\",\"@id\":\"https:\\\/\\\/hydrodynamic-systems.com\\\/#website\",\"url\":\"https:\\\/\\\/hydrodynamic-systems.com\\\/\",\"name\":\"Meyland N.V.\",\"description\":\"We make the goods move\",\"publisher\":{\"@id\":\"https:\\\/\\\/hydrodynamic-systems.com\\\/#organization\"},\"potentialAction\":[{\"@type\":\"SearchAction\",\"target\":{\"@type\":\"EntryPoint\",\"urlTemplate\":\"https:\\\/\\\/hydrodynamic-systems.com\\\/?s={search_term_string}\"},\"query-input\":{\"@type\":\"PropertyValueSpecification\",\"valueRequired\":true,\"valueName\":\"search_term_string\"}}],\"inLanguage\":\"fr-FR\"},{\"@type\":\"Organization\",\"@id\":\"https:\\\/\\\/hydrodynamic-systems.com\\\/#organization\",\"name\":\"Meyland\",\"url\":\"https:\\\/\\\/hydrodynamic-systems.com\\\/\",\"logo\":{\"@type\":\"ImageObject\",\"inLanguage\":\"fr-FR\",\"@id\":\"https:\\\/\\\/hydrodynamic-systems.com\\\/#\\\/schema\\\/logo\\\/image\\\/\",\"url\":\"https:\\\/\\\/hydrodynamic-systems.com\\\/wp-content\\\/uploads\\\/2015\\\/03\\\/meyland_logo_metbaseline.jpg\",\"contentUrl\":\"https:\\\/\\\/hydrodynamic-systems.com\\\/wp-content\\\/uploads\\\/2015\\\/03\\\/meyland_logo_metbaseline.jpg\",\"width\":299,\"height\":84,\"caption\":\"Meyland\"},\"image\":{\"@id\":\"https:\\\/\\\/hydrodynamic-systems.com\\\/#\\\/schema\\\/logo\\\/image\\\/\"},\"sameAs\":[\"https:\\\/\\\/www.facebook.com\\\/MeylandNV\\\/\",\"https:\\\/\\\/www.linkedin.com\\\/company\\\/meyland-nv\",\"https:\\\/\\\/www.youtube.com\\\/channel\\\/UC3MZGN8LuupbJ-cVnm2E_EQ\"]}]}<\/script>\n<!-- \/ Yoast SEO plugin. -->","yoast_head_json":{"title":"Meyland bewaart goederen in uw bedrijf en doet ze bewegen.","description":"Meyland garde vos marchandises \u00e0 l\u2019int\u00e9rieur de votre entreprise et se charge de leur transport.","robots":{"index":"index","follow":"follow","max-snippet":"max-snippet:-1","max-image-preview":"max-image-preview:large","max-video-preview":"max-video-preview:-1"},"canonical":"https:\/\/hydrodynamic-systems.com\/over-ons\/het-bedrijf\/","og_locale":"fr_FR","og_type":"article","og_title":"Meyland bewaart goederen in uw bedrijf en doet ze bewegen.","og_description":"Meyland garde vos marchandises \u00e0 l\u2019int\u00e9rieur de votre entreprise et se charge de leur transport.","og_url":"https:\/\/hydrodynamic-systems.com\/over-ons\/het-bedrijf\/","og_site_name":"Meyland N.V.","article_publisher":"https:\/\/www.facebook.com\/MeylandNV\/","article_modified_time":"2022-06-28T06:47:27+00:00","og_image":[{"width":1200,"height":628,"url":"https:\/\/hydrodynamic-systems.com\/wp-content\/uploads\/2015\/03\/Ontwerp-zonder-titel-2.jpg","type":"image\/jpeg"}],"twitter_card":"summary_large_image","twitter_misc":{"Dur\u00e9e de lecture estim\u00e9e":"6 minutes"},"schema":{"@context":"https:\/\/schema.org","@graph":[{"@type":"WebPage","@id":"https:\/\/hydrodynamic-systems.com\/over-ons\/het-bedrijf\/","url":"https:\/\/hydrodynamic-systems.com\/over-ons\/het-bedrijf\/","name":"Meyland bewaart goederen in uw bedrijf en doet ze bewegen.","isPartOf":{"@id":"https:\/\/hydrodynamic-systems.com\/#website"},"datePublished":"2015-03-09T16:44:25+00:00","dateModified":"2022-06-28T06:47:27+00:00","description":"Meyland garde vos marchandises \u00e0 l\u2019int\u00e9rieur de votre entreprise et se charge de leur transport.","breadcrumb":{"@id":"https:\/\/hydrodynamic-systems.com\/over-ons\/het-bedrijf\/#breadcrumb"},"inLanguage":"fr-FR","potentialAction":[{"@type":"ReadAction","target":["https:\/\/hydrodynamic-systems.com\/over-ons\/het-bedrijf\/"]}]},{"@type":"BreadcrumbList","@id":"https:\/\/hydrodynamic-systems.com\/over-ons\/het-bedrijf\/#breadcrumb","itemListElement":[{"@type":"ListItem","position":1,"name":"Home","item":"https:\/\/hydrodynamic-systems.com\/fr\/"},{"@type":"ListItem","position":2,"name":"\u00c0 propos de nous","item":"https:\/\/hydrodynamic-systems.com\/over-ons\/"},{"@type":"ListItem","position":3,"name":"L&#8217;entreprise"}]},{"@type":"WebSite","@id":"https:\/\/hydrodynamic-systems.com\/#website","url":"https:\/\/hydrodynamic-systems.com\/","name":"Meyland N.V.","description":"We make the goods move","publisher":{"@id":"https:\/\/hydrodynamic-systems.com\/#organization"},"potentialAction":[{"@type":"SearchAction","target":{"@type":"EntryPoint","urlTemplate":"https:\/\/hydrodynamic-systems.com\/?s={search_term_string}"},"query-input":{"@type":"PropertyValueSpecification","valueRequired":true,"valueName":"search_term_string"}}],"inLanguage":"fr-FR"},{"@type":"Organization","@id":"https:\/\/hydrodynamic-systems.com\/#organization","name":"Meyland","url":"https:\/\/hydrodynamic-systems.com\/","logo":{"@type":"ImageObject","inLanguage":"fr-FR","@id":"https:\/\/hydrodynamic-systems.com\/#\/schema\/logo\/image\/","url":"https:\/\/hydrodynamic-systems.com\/wp-content\/uploads\/2015\/03\/meyland_logo_metbaseline.jpg","contentUrl":"https:\/\/hydrodynamic-systems.com\/wp-content\/uploads\/2015\/03\/meyland_logo_metbaseline.jpg","width":299,"height":84,"caption":"Meyland"},"image":{"@id":"https:\/\/hydrodynamic-systems.com\/#\/schema\/logo\/image\/"},"sameAs":["https:\/\/www.facebook.com\/MeylandNV\/","https:\/\/www.linkedin.com\/company\/meyland-nv","https:\/\/www.youtube.com\/channel\/UC3MZGN8LuupbJ-cVnm2E_EQ"]}]}},"_links":{"self":[{"href":"https:\/\/hydrodynamic-systems.com\/fr\/wp-json\/wp\/v2\/pages\/444","targetHints":{"allow":["GET"]}}],"collection":[{"href":"https:\/\/hydrodynamic-systems.com\/fr\/wp-json\/wp\/v2\/pages"}],"about":[{"href":"https:\/\/hydrodynamic-systems.com\/fr\/wp-json\/wp\/v2\/types\/page"}],"author":[{"embeddable":true,"href":"https:\/\/hydrodynamic-systems.com\/fr\/wp-json\/wp\/v2\/users\/1"}],"replies":[{"embeddable":true,"href":"https:\/\/hydrodynamic-systems.com\/fr\/wp-json\/wp\/v2\/comments?post=444"}],"version-history":[{"count":3,"href":"https:\/\/hydrodynamic-systems.com\/fr\/wp-json\/wp\/v2\/pages\/444\/revisions"}],"predecessor-version":[{"id":8773,"href":"https:\/\/hydrodynamic-systems.com\/fr\/wp-json\/wp\/v2\/pages\/444\/revisions\/8773"}],"up":[{"embeddable":true,"href":"https:\/\/hydrodynamic-systems.com\/fr\/wp-json\/wp\/v2\/pages\/470"}],"wp:attachment":[{"href":"https:\/\/hydrodynamic-systems.com\/fr\/wp-json\/wp\/v2\/media?parent=444"}],"curies":[{"name":"wp","href":"https:\/\/api.w.org\/{rel}","templated":true}]}}