{"id":521,"date":"2015-03-11T11:21:05","date_gmt":"2015-03-11T11:21:05","guid":{"rendered":"https:\/\/hydrodynamic-systems.com\/fr\/contact\/contactlijst\/"},"modified":"2025-05-20T14:37:53","modified_gmt":"2025-05-20T14:37:53","slug":"liste-des-contacts","status":"publish","type":"page","link":"https:\/\/hydrodynamic-systems.com\/fr\/contact\/liste-des-contacts\/","title":{"rendered":"Liste des contacts"},"content":{"rendered":"<div class=\"wpb-content-wrapper\">[vc_row top=\u00a0\u00bb0px\u00a0\u00bb bottom=\u00a0\u00bb10px\u00a0\u00bb][vc_column][vc_column_text css=\u00a0\u00bb\u00a0\u00bb]\n<h1>Liste de contacts<\/h1>\n<p><strong>G\u00e9n\u00e9ral<\/strong><\/p>\n<p><a href=\"mailto:info@meyland.be\">info@meyland.be<\/a><\/p>\n<p><strong><b>Achats<\/b><\/strong><\/p>\n<p><a href=\"mailto:aankoop@meyland.be\">aankoop@meyland.be<\/a><\/p>\n<p><b>Vente<\/b><\/p>\n<p><a href=\"mailto:verkoop@meyland.be\">verkoop@meyland.be\u00a0<\/a>[\/vc_column_text][\/vc_column][\/vc_row]\n<\/div>","protected":false},"excerpt":{"rendered":"<p>[vc_row top=\u00a0\u00bb0px\u00a0\u00bb bottom=\u00a0\u00bb10px\u00a0\u00bb][vc_column][vc_column_text css=\u00a0\u00bb\u00a0\u00bb] Liste de contacts G\u00e9n\u00e9ral info@meyland.be Achats aankoop@meyland.be Vente verkoop@meyland.be\u00a0[\/vc_column_text][\/vc_column][\/vc_row]<\/p>\n","protected":false},"author":1,"featured_media":0,"parent":489,"menu_order":0,"comment_status":"closed","ping_status":"closed","template":"","meta":{"inline_featured_image":false,"footnotes":""},"class_list":["post-521","page","type-page","status-publish","hentry"],"yoast_head":"<!-- This site is optimized with the Yoast SEO plugin v27.5 - https:\/\/yoast.com\/product\/yoast-seo-wordpress\/ -->\n<title>Liste des contacts | Meyland N.V.<\/title>\n<meta name=\"description\" content=\"Vous \u00eates \u00e0 la recherche de la bonne personne de contact \u00e0 Meyland. Trouvez ici la meilleure personne \u00e0 contacter pour votre demande.\" \/>\n<meta name=\"robots\" content=\"index, follow, max-snippet:-1, max-image-preview:large, max-video-preview:-1\" \/>\n<link rel=\"canonical\" href=\"https:\/\/hydrodynamic-systems.com\/fr\/contact\/liste-des-contacts\/\" \/>\n<meta property=\"og:locale\" content=\"fr_FR\" \/>\n<meta property=\"og:type\" content=\"article\" \/>\n<meta property=\"og:title\" content=\"Liste des contacts | Meyland N.V.\" \/>\n<meta property=\"og:description\" content=\"Vous \u00eates \u00e0 la recherche de la bonne personne de contact \u00e0 Meyland. Trouvez ici la meilleure personne \u00e0 contacter pour votre demande.\" \/>\n<meta property=\"og:url\" content=\"https:\/\/hydrodynamic-systems.com\/fr\/contact\/liste-des-contacts\/\" \/>\n<meta property=\"og:site_name\" content=\"Meyland N.V.\" \/>\n<meta property=\"article:publisher\" content=\"https:\/\/www.facebook.com\/MeylandNV\/\" \/>\n<meta property=\"article:modified_time\" content=\"2025-05-20T14:37:53+00:00\" \/>\n<meta property=\"og:image\" content=\"https:\/\/hydrodynamic-systems.com\/wp-content\/uploads\/2015\/03\/Ontwerp-zonder-titel-2.jpg\" \/>\n\t<meta property=\"og:image:width\" content=\"1200\" \/>\n\t<meta property=\"og:image:height\" content=\"628\" \/>\n\t<meta property=\"og:image:type\" content=\"image\/jpeg\" \/>\n<meta name=\"twitter:card\" content=\"summary_large_image\" \/>\n<meta name=\"twitter:label1\" content=\"Dur\u00e9e de lecture estim\u00e9e\" \/>\n\t<meta name=\"twitter:data1\" content=\"1 minute\" \/>\n<script type=\"application\/ld+json\" class=\"yoast-schema-graph\">{\"@context\":\"https:\\\/\\\/schema.org\",\"@graph\":[{\"@type\":\"WebPage\",\"@id\":\"https:\\\/\\\/hydrodynamic-systems.com\\\/fr\\\/contact\\\/liste-des-contacts\\\/\",\"url\":\"https:\\\/\\\/hydrodynamic-systems.com\\\/fr\\\/contact\\\/liste-des-contacts\\\/\",\"name\":\"Liste des contacts | Meyland N.V.\",\"isPartOf\":{\"@id\":\"https:\\\/\\\/hydrodynamic-systems.com\\\/#website\"},\"datePublished\":\"2015-03-11T11:21:05+00:00\",\"dateModified\":\"2025-05-20T14:37:53+00:00\",\"description\":\"Vous \u00eates \u00e0 la recherche de la bonne personne de contact \u00e0 Meyland. Trouvez ici la meilleure personne \u00e0 contacter pour votre demande.\",\"breadcrumb\":{\"@id\":\"https:\\\/\\\/hydrodynamic-systems.com\\\/fr\\\/contact\\\/liste-des-contacts\\\/#breadcrumb\"},\"inLanguage\":\"fr-FR\",\"potentialAction\":[{\"@type\":\"ReadAction\",\"target\":[\"https:\\\/\\\/hydrodynamic-systems.com\\\/fr\\\/contact\\\/liste-des-contacts\\\/\"]}]},{\"@type\":\"BreadcrumbList\",\"@id\":\"https:\\\/\\\/hydrodynamic-systems.com\\\/fr\\\/contact\\\/liste-des-contacts\\\/#breadcrumb\",\"itemListElement\":[{\"@type\":\"ListItem\",\"position\":1,\"name\":\"Home\",\"item\":\"https:\\\/\\\/hydrodynamic-systems.com\\\/fr\\\/\"},{\"@type\":\"ListItem\",\"position\":2,\"name\":\"Contact\",\"item\":\"https:\\\/\\\/hydrodynamic-systems.com\\\/contact\\\/\"},{\"@type\":\"ListItem\",\"position\":3,\"name\":\"Liste des contacts\"}]},{\"@type\":\"WebSite\",\"@id\":\"https:\\\/\\\/hydrodynamic-systems.com\\\/#website\",\"url\":\"https:\\\/\\\/hydrodynamic-systems.com\\\/\",\"name\":\"Meyland N.V.\",\"description\":\"We make the goods move\",\"publisher\":{\"@id\":\"https:\\\/\\\/hydrodynamic-systems.com\\\/#organization\"},\"potentialAction\":[{\"@type\":\"SearchAction\",\"target\":{\"@type\":\"EntryPoint\",\"urlTemplate\":\"https:\\\/\\\/hydrodynamic-systems.com\\\/?s={search_term_string}\"},\"query-input\":{\"@type\":\"PropertyValueSpecification\",\"valueRequired\":true,\"valueName\":\"search_term_string\"}}],\"inLanguage\":\"fr-FR\"},{\"@type\":\"Organization\",\"@id\":\"https:\\\/\\\/hydrodynamic-systems.com\\\/#organization\",\"name\":\"Meyland\",\"url\":\"https:\\\/\\\/hydrodynamic-systems.com\\\/\",\"logo\":{\"@type\":\"ImageObject\",\"inLanguage\":\"fr-FR\",\"@id\":\"https:\\\/\\\/hydrodynamic-systems.com\\\/#\\\/schema\\\/logo\\\/image\\\/\",\"url\":\"https:\\\/\\\/hydrodynamic-systems.com\\\/wp-content\\\/uploads\\\/2015\\\/03\\\/meyland_logo_metbaseline.jpg\",\"contentUrl\":\"https:\\\/\\\/hydrodynamic-systems.com\\\/wp-content\\\/uploads\\\/2015\\\/03\\\/meyland_logo_metbaseline.jpg\",\"width\":299,\"height\":84,\"caption\":\"Meyland\"},\"image\":{\"@id\":\"https:\\\/\\\/hydrodynamic-systems.com\\\/#\\\/schema\\\/logo\\\/image\\\/\"},\"sameAs\":[\"https:\\\/\\\/www.facebook.com\\\/MeylandNV\\\/\",\"https:\\\/\\\/www.linkedin.com\\\/company\\\/meyland-nv\",\"https:\\\/\\\/www.youtube.com\\\/channel\\\/UC3MZGN8LuupbJ-cVnm2E_EQ\"]}]}<\/script>\n<!-- \/ Yoast SEO plugin. -->","yoast_head_json":{"title":"Liste des contacts | Meyland N.V.","description":"Vous \u00eates \u00e0 la recherche de la bonne personne de contact \u00e0 Meyland. Trouvez ici la meilleure personne \u00e0 contacter pour votre demande.","robots":{"index":"index","follow":"follow","max-snippet":"max-snippet:-1","max-image-preview":"max-image-preview:large","max-video-preview":"max-video-preview:-1"},"canonical":"https:\/\/hydrodynamic-systems.com\/fr\/contact\/liste-des-contacts\/","og_locale":"fr_FR","og_type":"article","og_title":"Liste des contacts | Meyland N.V.","og_description":"Vous \u00eates \u00e0 la recherche de la bonne personne de contact \u00e0 Meyland. Trouvez ici la meilleure personne \u00e0 contacter pour votre demande.","og_url":"https:\/\/hydrodynamic-systems.com\/fr\/contact\/liste-des-contacts\/","og_site_name":"Meyland N.V.","article_publisher":"https:\/\/www.facebook.com\/MeylandNV\/","article_modified_time":"2025-05-20T14:37:53+00:00","og_image":[{"width":1200,"height":628,"url":"https:\/\/hydrodynamic-systems.com\/wp-content\/uploads\/2015\/03\/Ontwerp-zonder-titel-2.jpg","type":"image\/jpeg"}],"twitter_card":"summary_large_image","twitter_misc":{"Dur\u00e9e de lecture estim\u00e9e":"1 minute"},"schema":{"@context":"https:\/\/schema.org","@graph":[{"@type":"WebPage","@id":"https:\/\/hydrodynamic-systems.com\/fr\/contact\/liste-des-contacts\/","url":"https:\/\/hydrodynamic-systems.com\/fr\/contact\/liste-des-contacts\/","name":"Liste des contacts | Meyland N.V.","isPartOf":{"@id":"https:\/\/hydrodynamic-systems.com\/#website"},"datePublished":"2015-03-11T11:21:05+00:00","dateModified":"2025-05-20T14:37:53+00:00","description":"Vous \u00eates \u00e0 la recherche de la bonne personne de contact \u00e0 Meyland. Trouvez ici la meilleure personne \u00e0 contacter pour votre demande.","breadcrumb":{"@id":"https:\/\/hydrodynamic-systems.com\/fr\/contact\/liste-des-contacts\/#breadcrumb"},"inLanguage":"fr-FR","potentialAction":[{"@type":"ReadAction","target":["https:\/\/hydrodynamic-systems.com\/fr\/contact\/liste-des-contacts\/"]}]},{"@type":"BreadcrumbList","@id":"https:\/\/hydrodynamic-systems.com\/fr\/contact\/liste-des-contacts\/#breadcrumb","itemListElement":[{"@type":"ListItem","position":1,"name":"Home","item":"https:\/\/hydrodynamic-systems.com\/fr\/"},{"@type":"ListItem","position":2,"name":"Contact","item":"https:\/\/hydrodynamic-systems.com\/contact\/"},{"@type":"ListItem","position":3,"name":"Liste des contacts"}]},{"@type":"WebSite","@id":"https:\/\/hydrodynamic-systems.com\/#website","url":"https:\/\/hydrodynamic-systems.com\/","name":"Meyland N.V.","description":"We make the goods move","publisher":{"@id":"https:\/\/hydrodynamic-systems.com\/#organization"},"potentialAction":[{"@type":"SearchAction","target":{"@type":"EntryPoint","urlTemplate":"https:\/\/hydrodynamic-systems.com\/?s={search_term_string}"},"query-input":{"@type":"PropertyValueSpecification","valueRequired":true,"valueName":"search_term_string"}}],"inLanguage":"fr-FR"},{"@type":"Organization","@id":"https:\/\/hydrodynamic-systems.com\/#organization","name":"Meyland","url":"https:\/\/hydrodynamic-systems.com\/","logo":{"@type":"ImageObject","inLanguage":"fr-FR","@id":"https:\/\/hydrodynamic-systems.com\/#\/schema\/logo\/image\/","url":"https:\/\/hydrodynamic-systems.com\/wp-content\/uploads\/2015\/03\/meyland_logo_metbaseline.jpg","contentUrl":"https:\/\/hydrodynamic-systems.com\/wp-content\/uploads\/2015\/03\/meyland_logo_metbaseline.jpg","width":299,"height":84,"caption":"Meyland"},"image":{"@id":"https:\/\/hydrodynamic-systems.com\/#\/schema\/logo\/image\/"},"sameAs":["https:\/\/www.facebook.com\/MeylandNV\/","https:\/\/www.linkedin.com\/company\/meyland-nv","https:\/\/www.youtube.com\/channel\/UC3MZGN8LuupbJ-cVnm2E_EQ"]}]}},"_links":{"self":[{"href":"https:\/\/hydrodynamic-systems.com\/fr\/wp-json\/wp\/v2\/pages\/521","targetHints":{"allow":["GET"]}}],"collection":[{"href":"https:\/\/hydrodynamic-systems.com\/fr\/wp-json\/wp\/v2\/pages"}],"about":[{"href":"https:\/\/hydrodynamic-systems.com\/fr\/wp-json\/wp\/v2\/types\/page"}],"author":[{"embeddable":true,"href":"https:\/\/hydrodynamic-systems.com\/fr\/wp-json\/wp\/v2\/users\/1"}],"replies":[{"embeddable":true,"href":"https:\/\/hydrodynamic-systems.com\/fr\/wp-json\/wp\/v2\/comments?post=521"}],"version-history":[{"count":8,"href":"https:\/\/hydrodynamic-systems.com\/fr\/wp-json\/wp\/v2\/pages\/521\/revisions"}],"predecessor-version":[{"id":26827,"href":"https:\/\/hydrodynamic-systems.com\/fr\/wp-json\/wp\/v2\/pages\/521\/revisions\/26827"}],"up":[{"embeddable":true,"href":"https:\/\/hydrodynamic-systems.com\/fr\/wp-json\/wp\/v2\/pages\/489"}],"wp:attachment":[{"href":"https:\/\/hydrodynamic-systems.com\/fr\/wp-json\/wp\/v2\/media?parent=521"}],"curies":[{"name":"wp","href":"https:\/\/api.w.org\/{rel}","templated":true}]}}